{"id":4863,"date":"2021-05-06T18:49:48","date_gmt":"2021-05-06T18:49:48","guid":{"rendered":"https:\/\/mastersonmethod.com\/uk_shop\/?post_type=product&#038;p=4863"},"modified":"2023-02-14T15:21:25","modified_gmt":"2023-02-14T15:21:25","slug":"masser-son-cheval","status":"publish","type":"product","link":"https:\/\/mastersonmethod.com\/uk_shop\/product\/masser-son-cheval\/","title":{"rendered":"French Translation of Beyond Horse Massage: Masser son cheval"},"content":{"rendered":"<p><strong>D\u00e9couvrez une m\u00e9thode originale et unique de massage th\u00e9rapeutique \u00e9quin : la m\u00e9thode Masterson<sup>TM<\/sup>\u00a0!<\/strong><br \/>\nGr\u00e2ce \u00e0 elle, vous serez en mesure de rep\u00e9rer les zones de tensions de votre cheval, d&#8217;interpr\u00e9ter ses r\u00e9actions et de le masser avec pr\u00e9cision et efficacit\u00e9 pour \u00e9liminer le stress et soulager ses douleurs et ses tensions musculaires. \u00c0 l&#8217;aide des planches anatomiques et des pas \u00e0 pas illustr\u00e9s et d\u00e9taill\u00e9s, vous apprendrez \u00e0 manipuler avec douceur et justesse les points et les zones r\u00e9flexes de votre cheval, pour am\u00e9liorer \u00e0 la fois son bien-\u00eatre g\u00e9n\u00e9ral mais \u00e9galement son potentiel et ses performances sportives.<br \/>\nPlus qu&#8217;une simple m\u00e9thode th\u00e9rapeutique, la m\u00e9thode Masterson est aussi et surtout un moyen de renforcer la communication et la complicit\u00e9 avec votre cheval. En observant ses r\u00e9ponses \u00e0 vos stimuli et en \u00e9tant \u00e0 son \u00e9coute, vous \u00e9tablirez une relation forte et unique, bas\u00e9e sur la confiance.<br \/>\nLaissez-vous guider par l&#8217;auteur, Jim Masterson \u0096 le th\u00e9rapeute de massage \u00e9quin officiel lors des grandes comp\u00e9titions \u00e9questres aux \u00c9tats-Unis depuis 2006 \u0096, par votre cheval et par votre propre instinct : vous ressentirez tr\u00e8s vite les bienfaits multiples de cette m\u00e9thode, tant pour votre cheval que pour vous-m\u00eame.<\/p>\n","protected":false},"excerpt":{"rendered":"<p>D\u00e9couvrez une m\u00e9thode originale et unique de massage th\u00e9rapeutique \u00e9quin : la m\u00e9thode MastersonTM\u00a0! Gr\u00e2ce \u00e0 elle, vous serez en mesure de rep\u00e9rer les zones de tensions de votre cheval, d&#8217;interpr\u00e9ter ses r\u00e9actions et de le masser avec pr\u00e9cision et efficacit\u00e9 pour \u00e9liminer le stress et soulager ses douleurs et ses tensions musculaires. \u00c0 l&#8217;aide [&hellip;]<\/p>\n","protected":false},"featured_media":4864,"comment_status":"closed","ping_status":"closed","template":"","meta":[],"product_brand":[],"product_cat":[264],"product_tag":[],"class_list":{"0":"post-4863","1":"product","2":"type-product","3":"status-publish","4":"has-post-thumbnail","6":"product_cat-booksotherlanguages","8":"first","9":"instock","10":"shipping-taxable","11":"product-type-external"},"yoast_head":"<!-- This site is optimized with the Yoast SEO plugin v27.2 - https:\/\/yoast.com\/product\/yoast-seo-wordpress\/ -->\n<title>French Translation of Beyond Horse Massage: Masser son cheval - Masterson Method UK Store<\/title>\n<meta name=\"robots\" content=\"index, follow, max-snippet:-1, max-image-preview:large, max-video-preview:-1\" \/>\n<link rel=\"canonical\" href=\"https:\/\/mastersonmethod.com\/uk_shop\/product\/masser-son-cheval\/\" \/>\n<meta property=\"og:locale\" content=\"en_US\" \/>\n<meta property=\"og:type\" content=\"article\" \/>\n<meta property=\"og:title\" content=\"French Translation of Beyond Horse Massage: Masser son cheval - Masterson Method UK Store\" \/>\n<meta property=\"og:description\" content=\"D\u00e9couvrez une m\u00e9thode originale et unique de massage th\u00e9rapeutique \u00e9quin : la m\u00e9thode MastersonTM\u00a0! Gr\u00e2ce \u00e0 elle, vous serez en mesure de rep\u00e9rer les zones de tensions de votre cheval, d&#8217;interpr\u00e9ter ses r\u00e9actions et de le masser avec pr\u00e9cision et efficacit\u00e9 pour \u00e9liminer le stress et soulager ses douleurs et ses tensions musculaires. \u00c0 l&#8217;aide [&hellip;]\" \/>\n<meta property=\"og:url\" content=\"https:\/\/mastersonmethod.com\/uk_shop\/product\/masser-son-cheval\/\" \/>\n<meta property=\"og:site_name\" content=\"Masterson Method UK Store\" \/>\n<meta property=\"article:modified_time\" content=\"2023-02-14T15:21:25+00:00\" \/>\n<meta property=\"og:image\" content=\"https:\/\/mastersonmethod.com\/uk_shop\/wp-content\/uploads\/2021\/05\/Masser-son-cheval-image.jpg\" \/>\n\t<meta property=\"og:image:width\" content=\"394\" \/>\n\t<meta property=\"og:image:height\" content=\"499\" \/>\n\t<meta property=\"og:image:type\" content=\"image\/jpeg\" \/>\n<meta name=\"twitter:card\" content=\"summary_large_image\" \/>\n<meta name=\"twitter:label1\" content=\"Est. reading time\" \/>\n\t<meta name=\"twitter:data1\" content=\"1 minute\" \/>\n<script type=\"application\/ld+json\" class=\"yoast-schema-graph\">{\"@context\":\"https:\/\/schema.org\",\"@graph\":[{\"@type\":\"WebPage\",\"@id\":\"https:\/\/mastersonmethod.com\/uk_shop\/product\/masser-son-cheval\/\",\"url\":\"https:\/\/mastersonmethod.com\/uk_shop\/product\/masser-son-cheval\/\",\"name\":\"French Translation of Beyond Horse Massage: Masser son cheval - Masterson Method UK Store\",\"isPartOf\":{\"@id\":\"https:\/\/mastersonmethod.com\/uk_shop\/#website\"},\"primaryImageOfPage\":{\"@id\":\"https:\/\/mastersonmethod.com\/uk_shop\/product\/masser-son-cheval\/#primaryimage\"},\"image\":{\"@id\":\"https:\/\/mastersonmethod.com\/uk_shop\/product\/masser-son-cheval\/#primaryimage\"},\"thumbnailUrl\":\"https:\/\/mastersonmethod.com\/uk_shop\/wp-content\/uploads\/2021\/05\/Masser-son-cheval-image.jpg\",\"datePublished\":\"2021-05-06T18:49:48+00:00\",\"dateModified\":\"2023-02-14T15:21:25+00:00\",\"breadcrumb\":{\"@id\":\"https:\/\/mastersonmethod.com\/uk_shop\/product\/masser-son-cheval\/#breadcrumb\"},\"inLanguage\":\"en-US\",\"potentialAction\":[{\"@type\":\"ReadAction\",\"target\":[\"https:\/\/mastersonmethod.com\/uk_shop\/product\/masser-son-cheval\/\"]}]},{\"@type\":\"ImageObject\",\"inLanguage\":\"en-US\",\"@id\":\"https:\/\/mastersonmethod.com\/uk_shop\/product\/masser-son-cheval\/#primaryimage\",\"url\":\"https:\/\/mastersonmethod.com\/uk_shop\/wp-content\/uploads\/2021\/05\/Masser-son-cheval-image.jpg\",\"contentUrl\":\"https:\/\/mastersonmethod.com\/uk_shop\/wp-content\/uploads\/2021\/05\/Masser-son-cheval-image.jpg\",\"width\":394,\"height\":499},{\"@type\":\"BreadcrumbList\",\"@id\":\"https:\/\/mastersonmethod.com\/uk_shop\/product\/masser-son-cheval\/#breadcrumb\",\"itemListElement\":[{\"@type\":\"ListItem\",\"position\":1,\"name\":\"Home\",\"item\":\"https:\/\/mastersonmethod.com\/uk_shop\/\"},{\"@type\":\"ListItem\",\"position\":2,\"name\":\"Shop\",\"item\":\"https:\/\/mastersonmethod.com\/uk_shop\/shop\/\"},{\"@type\":\"ListItem\",\"position\":3,\"name\":\"French Translation of Beyond Horse Massage: Masser son cheval\"}]},{\"@type\":\"WebSite\",\"@id\":\"https:\/\/mastersonmethod.com\/uk_shop\/#website\",\"url\":\"https:\/\/mastersonmethod.com\/uk_shop\/\",\"name\":\"Masterson Method UK Store\",\"description\":\"\",\"potentialAction\":[{\"@type\":\"SearchAction\",\"target\":{\"@type\":\"EntryPoint\",\"urlTemplate\":\"https:\/\/mastersonmethod.com\/uk_shop\/?s={search_term_string}\"},\"query-input\":{\"@type\":\"PropertyValueSpecification\",\"valueRequired\":true,\"valueName\":\"search_term_string\"}}],\"inLanguage\":\"en-US\"}]}<\/script>\n<!-- \/ Yoast SEO plugin. -->","yoast_head_json":{"title":"French Translation of Beyond Horse Massage: Masser son cheval - Masterson Method UK Store","robots":{"index":"index","follow":"follow","max-snippet":"max-snippet:-1","max-image-preview":"max-image-preview:large","max-video-preview":"max-video-preview:-1"},"canonical":"https:\/\/mastersonmethod.com\/uk_shop\/product\/masser-son-cheval\/","og_locale":"en_US","og_type":"article","og_title":"French Translation of Beyond Horse Massage: Masser son cheval - Masterson Method UK Store","og_description":"D\u00e9couvrez une m\u00e9thode originale et unique de massage th\u00e9rapeutique \u00e9quin : la m\u00e9thode MastersonTM\u00a0! Gr\u00e2ce \u00e0 elle, vous serez en mesure de rep\u00e9rer les zones de tensions de votre cheval, d&#8217;interpr\u00e9ter ses r\u00e9actions et de le masser avec pr\u00e9cision et efficacit\u00e9 pour \u00e9liminer le stress et soulager ses douleurs et ses tensions musculaires. \u00c0 l&#8217;aide [&hellip;]","og_url":"https:\/\/mastersonmethod.com\/uk_shop\/product\/masser-son-cheval\/","og_site_name":"Masterson Method UK Store","article_modified_time":"2023-02-14T15:21:25+00:00","og_image":[{"width":394,"height":499,"url":"https:\/\/mastersonmethod.com\/uk_shop\/wp-content\/uploads\/2021\/05\/Masser-son-cheval-image.jpg","type":"image\/jpeg"}],"twitter_card":"summary_large_image","twitter_misc":{"Est. reading time":"1 minute"},"schema":{"@context":"https:\/\/schema.org","@graph":[{"@type":"WebPage","@id":"https:\/\/mastersonmethod.com\/uk_shop\/product\/masser-son-cheval\/","url":"https:\/\/mastersonmethod.com\/uk_shop\/product\/masser-son-cheval\/","name":"French Translation of Beyond Horse Massage: Masser son cheval - Masterson Method UK Store","isPartOf":{"@id":"https:\/\/mastersonmethod.com\/uk_shop\/#website"},"primaryImageOfPage":{"@id":"https:\/\/mastersonmethod.com\/uk_shop\/product\/masser-son-cheval\/#primaryimage"},"image":{"@id":"https:\/\/mastersonmethod.com\/uk_shop\/product\/masser-son-cheval\/#primaryimage"},"thumbnailUrl":"https:\/\/mastersonmethod.com\/uk_shop\/wp-content\/uploads\/2021\/05\/Masser-son-cheval-image.jpg","datePublished":"2021-05-06T18:49:48+00:00","dateModified":"2023-02-14T15:21:25+00:00","breadcrumb":{"@id":"https:\/\/mastersonmethod.com\/uk_shop\/product\/masser-son-cheval\/#breadcrumb"},"inLanguage":"en-US","potentialAction":[{"@type":"ReadAction","target":["https:\/\/mastersonmethod.com\/uk_shop\/product\/masser-son-cheval\/"]}]},{"@type":"ImageObject","inLanguage":"en-US","@id":"https:\/\/mastersonmethod.com\/uk_shop\/product\/masser-son-cheval\/#primaryimage","url":"https:\/\/mastersonmethod.com\/uk_shop\/wp-content\/uploads\/2021\/05\/Masser-son-cheval-image.jpg","contentUrl":"https:\/\/mastersonmethod.com\/uk_shop\/wp-content\/uploads\/2021\/05\/Masser-son-cheval-image.jpg","width":394,"height":499},{"@type":"BreadcrumbList","@id":"https:\/\/mastersonmethod.com\/uk_shop\/product\/masser-son-cheval\/#breadcrumb","itemListElement":[{"@type":"ListItem","position":1,"name":"Home","item":"https:\/\/mastersonmethod.com\/uk_shop\/"},{"@type":"ListItem","position":2,"name":"Shop","item":"https:\/\/mastersonmethod.com\/uk_shop\/shop\/"},{"@type":"ListItem","position":3,"name":"French Translation of Beyond Horse Massage: Masser son cheval"}]},{"@type":"WebSite","@id":"https:\/\/mastersonmethod.com\/uk_shop\/#website","url":"https:\/\/mastersonmethod.com\/uk_shop\/","name":"Masterson Method UK Store","description":"","potentialAction":[{"@type":"SearchAction","target":{"@type":"EntryPoint","urlTemplate":"https:\/\/mastersonmethod.com\/uk_shop\/?s={search_term_string}"},"query-input":{"@type":"PropertyValueSpecification","valueRequired":true,"valueName":"search_term_string"}}],"inLanguage":"en-US"}]}},"_links":{"self":[{"href":"https:\/\/mastersonmethod.com\/uk_shop\/wp-json\/wp\/v2\/product\/4863","targetHints":{"allow":["GET"]}}],"collection":[{"href":"https:\/\/mastersonmethod.com\/uk_shop\/wp-json\/wp\/v2\/product"}],"about":[{"href":"https:\/\/mastersonmethod.com\/uk_shop\/wp-json\/wp\/v2\/types\/product"}],"replies":[{"embeddable":true,"href":"https:\/\/mastersonmethod.com\/uk_shop\/wp-json\/wp\/v2\/comments?post=4863"}],"wp:featuredmedia":[{"embeddable":true,"href":"https:\/\/mastersonmethod.com\/uk_shop\/wp-json\/wp\/v2\/media\/4864"}],"wp:attachment":[{"href":"https:\/\/mastersonmethod.com\/uk_shop\/wp-json\/wp\/v2\/media?parent=4863"}],"wp:term":[{"taxonomy":"product_brand","embeddable":true,"href":"https:\/\/mastersonmethod.com\/uk_shop\/wp-json\/wp\/v2\/product_brand?post=4863"},{"taxonomy":"product_cat","embeddable":true,"href":"https:\/\/mastersonmethod.com\/uk_shop\/wp-json\/wp\/v2\/product_cat?post=4863"},{"taxonomy":"product_tag","embeddable":true,"href":"https:\/\/mastersonmethod.com\/uk_shop\/wp-json\/wp\/v2\/product_tag?post=4863"}],"curies":[{"name":"wp","href":"https:\/\/api.w.org\/{rel}","templated":true}]}}