{"id":4782,"date":"2021-03-22T17:01:13","date_gmt":"2021-03-22T17:01:13","guid":{"rendered":"https:\/\/mastersonmethod.com\/uk_shop\/?post_type=product&#038;p=4782"},"modified":"2023-02-14T15:26:54","modified_gmt":"2023-02-14T15:26:54","slug":"korperarbeit-fur-pferde","status":"publish","type":"product","link":"https:\/\/mastersonmethod.com\/uk_shop\/product\/korperarbeit-fur-pferde\/","title":{"rendered":"German Translation of Beyond Horse Massage: K\u00f6rperarbeit f\u00fcr Pferde"},"content":{"rendered":"<h3 class=\"ncTitleSub\"><span class=\"oSubTitle\">Locker, entspannt, gel\u00f6st mit der Masterson-Methode<\/span><\/h3>\n<p>Jim Masterson l\u00f6st mit seiner Art der K\u00f6rperarbeit und Massage tiefe Verspannungen beim Pferd und bringt es in einen ganzheitlich entspannten Zustand. In seinem reich bebilderten Ratgeber zeigt er die einzelnen Handgriffe<br \/>\nund speziellen Anwendungsgebiete in vielen Detailaufnahmen und Schritt-f\u00fcr-Schritt-Anleitungen, sodass jeder Reiter sein Pferd individuell behandeln kann. Es lockern sich k\u00f6rperliche und seelische Spannungen und als zus\u00e4tzlicher positiver Effekt vertieft sich die Beziehung des Menschen zu seinem Pferd.<\/p>\n<p>Author:\u00a0 Jim Masterson mit Stefanie Reinhold<\/p>\n<p>Format:\u00a0 Hard Cover<\/p>\n<p>Pages:\u00a0 208<\/p>\n","protected":false},"excerpt":{"rendered":"<p>Locker, entspannt, gel\u00f6st mit der Masterson-Methode Jim Masterson l\u00f6st mit seiner Art der K\u00f6rperarbeit und Massage tiefe Verspannungen beim Pferd und bringt es in einen ganzheitlich entspannten Zustand. In seinem reich bebilderten Ratgeber zeigt er die einzelnen Handgriffe und speziellen Anwendungsgebiete in vielen Detailaufnahmen und Schritt-f\u00fcr-Schritt-Anleitungen, sodass jeder Reiter sein Pferd individuell behandeln kann. Es [&hellip;]<\/p>\n","protected":false},"featured_media":4783,"comment_status":"closed","ping_status":"closed","template":"","meta":[],"product_brand":[],"product_cat":[264],"product_tag":[],"class_list":{"0":"post-4782","1":"product","2":"type-product","3":"status-publish","4":"has-post-thumbnail","6":"product_cat-booksotherlanguages","8":"first","9":"instock","10":"shipping-taxable","11":"product-type-external"},"yoast_head":"<!-- This site is optimized with the Yoast SEO plugin v27.2 - https:\/\/yoast.com\/product\/yoast-seo-wordpress\/ -->\n<title>German Translation of Beyond Horse Massage: K\u00f6rperarbeit f\u00fcr Pferde - Masterson Method UK Store<\/title>\n<meta name=\"robots\" content=\"index, follow, max-snippet:-1, max-image-preview:large, max-video-preview:-1\" \/>\n<link rel=\"canonical\" href=\"https:\/\/mastersonmethod.com\/uk_shop\/product\/korperarbeit-fur-pferde\/\" \/>\n<meta property=\"og:locale\" content=\"en_US\" \/>\n<meta property=\"og:type\" content=\"article\" \/>\n<meta property=\"og:title\" content=\"German Translation of Beyond Horse Massage: K\u00f6rperarbeit f\u00fcr Pferde - Masterson Method UK Store\" \/>\n<meta property=\"og:description\" content=\"Locker, entspannt, gel\u00f6st mit der Masterson-Methode Jim Masterson l\u00f6st mit seiner Art der K\u00f6rperarbeit und Massage tiefe Verspannungen beim Pferd und bringt es in einen ganzheitlich entspannten Zustand. In seinem reich bebilderten Ratgeber zeigt er die einzelnen Handgriffe und speziellen Anwendungsgebiete in vielen Detailaufnahmen und Schritt-f\u00fcr-Schritt-Anleitungen, sodass jeder Reiter sein Pferd individuell behandeln kann. Es [&hellip;]\" \/>\n<meta property=\"og:url\" content=\"https:\/\/mastersonmethod.com\/uk_shop\/product\/korperarbeit-fur-pferde\/\" \/>\n<meta property=\"og:site_name\" content=\"Masterson Method UK Store\" \/>\n<meta property=\"article:modified_time\" content=\"2023-02-14T15:26:54+00:00\" \/>\n<meta property=\"og:image\" content=\"https:\/\/mastersonmethod.com\/uk_shop\/wp-content\/uploads\/2021\/03\/German-BHM-book-image.jpeg\" \/>\n\t<meta property=\"og:image:width\" content=\"200\" \/>\n\t<meta property=\"og:image:height\" content=\"207\" \/>\n\t<meta property=\"og:image:type\" content=\"image\/jpeg\" \/>\n<meta name=\"twitter:card\" content=\"summary_large_image\" \/>\n<meta name=\"twitter:label1\" content=\"Est. reading time\" \/>\n\t<meta name=\"twitter:data1\" content=\"1 minute\" \/>\n<script type=\"application\/ld+json\" class=\"yoast-schema-graph\">{\"@context\":\"https:\/\/schema.org\",\"@graph\":[{\"@type\":\"WebPage\",\"@id\":\"https:\/\/mastersonmethod.com\/uk_shop\/product\/korperarbeit-fur-pferde\/\",\"url\":\"https:\/\/mastersonmethod.com\/uk_shop\/product\/korperarbeit-fur-pferde\/\",\"name\":\"German Translation of Beyond Horse Massage: K\u00f6rperarbeit f\u00fcr Pferde - Masterson Method UK Store\",\"isPartOf\":{\"@id\":\"https:\/\/mastersonmethod.com\/uk_shop\/#website\"},\"primaryImageOfPage\":{\"@id\":\"https:\/\/mastersonmethod.com\/uk_shop\/product\/korperarbeit-fur-pferde\/#primaryimage\"},\"image\":{\"@id\":\"https:\/\/mastersonmethod.com\/uk_shop\/product\/korperarbeit-fur-pferde\/#primaryimage\"},\"thumbnailUrl\":\"https:\/\/mastersonmethod.com\/uk_shop\/wp-content\/uploads\/2021\/03\/German-BHM-book-image.jpeg\",\"datePublished\":\"2021-03-22T17:01:13+00:00\",\"dateModified\":\"2023-02-14T15:26:54+00:00\",\"breadcrumb\":{\"@id\":\"https:\/\/mastersonmethod.com\/uk_shop\/product\/korperarbeit-fur-pferde\/#breadcrumb\"},\"inLanguage\":\"en-US\",\"potentialAction\":[{\"@type\":\"ReadAction\",\"target\":[\"https:\/\/mastersonmethod.com\/uk_shop\/product\/korperarbeit-fur-pferde\/\"]}]},{\"@type\":\"ImageObject\",\"inLanguage\":\"en-US\",\"@id\":\"https:\/\/mastersonmethod.com\/uk_shop\/product\/korperarbeit-fur-pferde\/#primaryimage\",\"url\":\"https:\/\/mastersonmethod.com\/uk_shop\/wp-content\/uploads\/2021\/03\/German-BHM-book-image.jpeg\",\"contentUrl\":\"https:\/\/mastersonmethod.com\/uk_shop\/wp-content\/uploads\/2021\/03\/German-BHM-book-image.jpeg\",\"width\":200,\"height\":207},{\"@type\":\"BreadcrumbList\",\"@id\":\"https:\/\/mastersonmethod.com\/uk_shop\/product\/korperarbeit-fur-pferde\/#breadcrumb\",\"itemListElement\":[{\"@type\":\"ListItem\",\"position\":1,\"name\":\"Home\",\"item\":\"https:\/\/mastersonmethod.com\/uk_shop\/\"},{\"@type\":\"ListItem\",\"position\":2,\"name\":\"Shop\",\"item\":\"https:\/\/mastersonmethod.com\/uk_shop\/shop\/\"},{\"@type\":\"ListItem\",\"position\":3,\"name\":\"German Translation of Beyond Horse Massage: K\u00f6rperarbeit f\u00fcr Pferde\"}]},{\"@type\":\"WebSite\",\"@id\":\"https:\/\/mastersonmethod.com\/uk_shop\/#website\",\"url\":\"https:\/\/mastersonmethod.com\/uk_shop\/\",\"name\":\"Masterson Method UK Store\",\"description\":\"\",\"potentialAction\":[{\"@type\":\"SearchAction\",\"target\":{\"@type\":\"EntryPoint\",\"urlTemplate\":\"https:\/\/mastersonmethod.com\/uk_shop\/?s={search_term_string}\"},\"query-input\":{\"@type\":\"PropertyValueSpecification\",\"valueRequired\":true,\"valueName\":\"search_term_string\"}}],\"inLanguage\":\"en-US\"}]}<\/script>\n<!-- \/ Yoast SEO plugin. -->","yoast_head_json":{"title":"German Translation of Beyond Horse Massage: K\u00f6rperarbeit f\u00fcr Pferde - Masterson Method UK Store","robots":{"index":"index","follow":"follow","max-snippet":"max-snippet:-1","max-image-preview":"max-image-preview:large","max-video-preview":"max-video-preview:-1"},"canonical":"https:\/\/mastersonmethod.com\/uk_shop\/product\/korperarbeit-fur-pferde\/","og_locale":"en_US","og_type":"article","og_title":"German Translation of Beyond Horse Massage: K\u00f6rperarbeit f\u00fcr Pferde - Masterson Method UK Store","og_description":"Locker, entspannt, gel\u00f6st mit der Masterson-Methode Jim Masterson l\u00f6st mit seiner Art der K\u00f6rperarbeit und Massage tiefe Verspannungen beim Pferd und bringt es in einen ganzheitlich entspannten Zustand. In seinem reich bebilderten Ratgeber zeigt er die einzelnen Handgriffe und speziellen Anwendungsgebiete in vielen Detailaufnahmen und Schritt-f\u00fcr-Schritt-Anleitungen, sodass jeder Reiter sein Pferd individuell behandeln kann. Es [&hellip;]","og_url":"https:\/\/mastersonmethod.com\/uk_shop\/product\/korperarbeit-fur-pferde\/","og_site_name":"Masterson Method UK Store","article_modified_time":"2023-02-14T15:26:54+00:00","og_image":[{"width":200,"height":207,"url":"https:\/\/mastersonmethod.com\/uk_shop\/wp-content\/uploads\/2021\/03\/German-BHM-book-image.jpeg","type":"image\/jpeg"}],"twitter_card":"summary_large_image","twitter_misc":{"Est. reading time":"1 minute"},"schema":{"@context":"https:\/\/schema.org","@graph":[{"@type":"WebPage","@id":"https:\/\/mastersonmethod.com\/uk_shop\/product\/korperarbeit-fur-pferde\/","url":"https:\/\/mastersonmethod.com\/uk_shop\/product\/korperarbeit-fur-pferde\/","name":"German Translation of Beyond Horse Massage: K\u00f6rperarbeit f\u00fcr Pferde - Masterson Method UK Store","isPartOf":{"@id":"https:\/\/mastersonmethod.com\/uk_shop\/#website"},"primaryImageOfPage":{"@id":"https:\/\/mastersonmethod.com\/uk_shop\/product\/korperarbeit-fur-pferde\/#primaryimage"},"image":{"@id":"https:\/\/mastersonmethod.com\/uk_shop\/product\/korperarbeit-fur-pferde\/#primaryimage"},"thumbnailUrl":"https:\/\/mastersonmethod.com\/uk_shop\/wp-content\/uploads\/2021\/03\/German-BHM-book-image.jpeg","datePublished":"2021-03-22T17:01:13+00:00","dateModified":"2023-02-14T15:26:54+00:00","breadcrumb":{"@id":"https:\/\/mastersonmethod.com\/uk_shop\/product\/korperarbeit-fur-pferde\/#breadcrumb"},"inLanguage":"en-US","potentialAction":[{"@type":"ReadAction","target":["https:\/\/mastersonmethod.com\/uk_shop\/product\/korperarbeit-fur-pferde\/"]}]},{"@type":"ImageObject","inLanguage":"en-US","@id":"https:\/\/mastersonmethod.com\/uk_shop\/product\/korperarbeit-fur-pferde\/#primaryimage","url":"https:\/\/mastersonmethod.com\/uk_shop\/wp-content\/uploads\/2021\/03\/German-BHM-book-image.jpeg","contentUrl":"https:\/\/mastersonmethod.com\/uk_shop\/wp-content\/uploads\/2021\/03\/German-BHM-book-image.jpeg","width":200,"height":207},{"@type":"BreadcrumbList","@id":"https:\/\/mastersonmethod.com\/uk_shop\/product\/korperarbeit-fur-pferde\/#breadcrumb","itemListElement":[{"@type":"ListItem","position":1,"name":"Home","item":"https:\/\/mastersonmethod.com\/uk_shop\/"},{"@type":"ListItem","position":2,"name":"Shop","item":"https:\/\/mastersonmethod.com\/uk_shop\/shop\/"},{"@type":"ListItem","position":3,"name":"German Translation of Beyond Horse Massage: K\u00f6rperarbeit f\u00fcr Pferde"}]},{"@type":"WebSite","@id":"https:\/\/mastersonmethod.com\/uk_shop\/#website","url":"https:\/\/mastersonmethod.com\/uk_shop\/","name":"Masterson Method UK Store","description":"","potentialAction":[{"@type":"SearchAction","target":{"@type":"EntryPoint","urlTemplate":"https:\/\/mastersonmethod.com\/uk_shop\/?s={search_term_string}"},"query-input":{"@type":"PropertyValueSpecification","valueRequired":true,"valueName":"search_term_string"}}],"inLanguage":"en-US"}]}},"_links":{"self":[{"href":"https:\/\/mastersonmethod.com\/uk_shop\/wp-json\/wp\/v2\/product\/4782","targetHints":{"allow":["GET"]}}],"collection":[{"href":"https:\/\/mastersonmethod.com\/uk_shop\/wp-json\/wp\/v2\/product"}],"about":[{"href":"https:\/\/mastersonmethod.com\/uk_shop\/wp-json\/wp\/v2\/types\/product"}],"replies":[{"embeddable":true,"href":"https:\/\/mastersonmethod.com\/uk_shop\/wp-json\/wp\/v2\/comments?post=4782"}],"wp:featuredmedia":[{"embeddable":true,"href":"https:\/\/mastersonmethod.com\/uk_shop\/wp-json\/wp\/v2\/media\/4783"}],"wp:attachment":[{"href":"https:\/\/mastersonmethod.com\/uk_shop\/wp-json\/wp\/v2\/media?parent=4782"}],"wp:term":[{"taxonomy":"product_brand","embeddable":true,"href":"https:\/\/mastersonmethod.com\/uk_shop\/wp-json\/wp\/v2\/product_brand?post=4782"},{"taxonomy":"product_cat","embeddable":true,"href":"https:\/\/mastersonmethod.com\/uk_shop\/wp-json\/wp\/v2\/product_cat?post=4782"},{"taxonomy":"product_tag","embeddable":true,"href":"https:\/\/mastersonmethod.com\/uk_shop\/wp-json\/wp\/v2\/product_tag?post=4782"}],"curies":[{"name":"wp","href":"https:\/\/api.w.org\/{rel}","templated":true}]}}